{"id":317,"date":"2024-10-17T05:59:07","date_gmt":"2024-10-17T05:59:07","guid":{"rendered":"https:\/\/mode-waesche-loos.de\/?page_id=317"},"modified":"2024-10-17T20:32:02","modified_gmt":"2024-10-17T20:32:02","slug":"service","status":"publish","type":"page","link":"https:\/\/mode-waesche-loos.de\/index.php\/service\/","title":{"rendered":"Service"},"content":{"rendered":"\t\t<div data-elementor-type=\"wp-page\" data-elementor-id=\"317\" class=\"elementor elementor-317\">\n\t\t\t\t<div class=\"elementor-element elementor-element-651ee59 e-flex e-con-boxed wpr-particle-no wpr-jarallax-no wpr-parallax-no wpr-sticky-section-no e-con e-parent\" data-id=\"651ee59\" data-element_type=\"container\">\n\t\t\t\t\t<div class=\"e-con-inner\">\n\t\t\t\t<div class=\"elementor-element elementor-element-df33789 elementor-widget elementor-widget-text-editor\" data-id=\"df33789\" data-element_type=\"widget\" data-widget_type=\"text-editor.default\">\n\t\t\t\t<div class=\"elementor-widget-container\">\n\t\t\t\t\t\t\t\t\t<p><span style=\"font-size: 14pt;\"><b>Parkpl\u00e4tze<\/b><\/span><\/p>\n<p>Unser Eingang ist barrierefrei, so dass Sie m\u00fchelos mit Kinderwagen, Rollstuhl oder Gehhilfen in unser Gesch\u00e4ft gelangen.<br \/>Kostenlose Parkpl\u00e4tze direkt vor dem Haus vermeiden, das erspart Ihnen l\u00e4stiges Parkplatz suchen.<\/p>\t\t\t\t\t\t\t\t<\/div>\n\t\t\t\t<\/div>\n\t\t\t\t\t<\/div>\n\t\t\t\t<\/div>\n\t\t<div class=\"elementor-element elementor-element-b6fbb7d e-flex e-con-boxed wpr-particle-no wpr-jarallax-no wpr-parallax-no wpr-sticky-section-no e-con e-parent\" data-id=\"b6fbb7d\" data-element_type=\"container\">\n\t\t\t\t\t<div class=\"e-con-inner\">\n\t\t\t\t<div class=\"elementor-element elementor-element-77e4089 elementor-widget elementor-widget-text-editor\" data-id=\"77e4089\" data-element_type=\"widget\" data-widget_type=\"text-editor.default\">\n\t\t\t\t<div class=\"elementor-widget-container\">\n\t\t\t\t\t\t\t\t\t<p><span style=\"font-size: 14pt;\"><strong>Klimatisierte R\u00e4umlichkeiten<\/strong><\/span><\/p>\n<p>Unser Gesch\u00e4ft ist klimatisiert.<br \/>Dies erm\u00f6glicht Ihnen in bei angenehm k\u00fchlen Temperaturen ein problemloses Einkaufen. Gerade im Sommer, an hei\u00dfen Tagen, eine Wohltat.<\/p>\t\t\t\t\t\t\t\t<\/div>\n\t\t\t\t<\/div>\n\t\t\t\t\t<\/div>\n\t\t\t\t<\/div>\n\t\t<div class=\"elementor-element elementor-element-c227348 e-flex e-con-boxed wpr-particle-no wpr-jarallax-no wpr-parallax-no wpr-sticky-section-no e-con e-parent\" data-id=\"c227348\" data-element_type=\"container\">\n\t\t\t\t\t<div class=\"e-con-inner\">\n\t\t\t\t<div class=\"elementor-element elementor-element-e096deb elementor-widget elementor-widget-text-editor\" data-id=\"e096deb\" data-element_type=\"widget\" data-widget_type=\"text-editor.default\">\n\t\t\t\t<div class=\"elementor-widget-container\">\n\t\t\t\t\t\t\t\t\t<p><span style=\"font-size: 14pt;\"><b>Speziell f\u00fcr Sie<\/b><\/span><\/p>\n<p>&#8211; freundliche, fachkundige und qualifizierte Beratung<\/p>\n<p>&#8211; wir nehmen uns Zeit f\u00fcr Sie<\/p>\n<p>&#8211; sie haben keine M\u00f6glichkeit, w\u00e4hrend unserer Gesch\u00e4ftszeiten<br \/>vorbeizuschauen : vereinbaren Sie einfach einen Termin mit<br \/>uns und Sie k\u00f6nnen auch au\u00dferhalb unserer Gesch\u00e4ftszeiten<br \/>beraten werden<\/p>\n<p>&#8211; ein Produkt \/ Modell momentan nicht auf Lager,<br \/>\u00a0kein Problem, Bestellung innerhalb weniger Tage<\/p>\n<p>&#8211; Sie d\u00fcrfen gerne eine Auswahl mit nach Hause nehmen<\/p>\n<p>&#8211; bargeldlos bezahlen mit Ihrer EC-Karte<\/p>\n<p>&#8211; bei Regen : wir leihen Ihnen gerne einen Regenschirm<\/p>\n<p>&#8211; m\u00fcde Beine, altersschwach oder gro\u00df eingekauft :<br \/>wir rufen Ihnen gerne ein Taxi oder fahren Sie selbst nach<br \/>Hause<\/p>\n<p>&#8211; Krankenhaus, Seniorenheim, bei Krankheit zu Hause oder<br \/>gehbehindert :<br \/>ein Anruf gen\u00fcgt und wir bringen Ihnen eine Auswahl nach<br \/>Hause<\/p>\n<p>&#8220; Ihre Zufriedenheit steht an erster Stelle &#8222;<\/p>\t\t\t\t\t\t\t\t<\/div>\n\t\t\t\t<\/div>\n\t\t\t\t\t<\/div>\n\t\t\t\t<\/div>\n\t\t<div class=\"elementor-element elementor-element-e7d7785 e-flex e-con-boxed wpr-particle-no wpr-jarallax-no wpr-parallax-no wpr-sticky-section-no e-con e-parent\" data-id=\"e7d7785\" data-element_type=\"container\">\n\t\t\t\t\t<div class=\"e-con-inner\">\n\t\t\t\t<div class=\"elementor-element elementor-element-7f2dfd3 elementor-widget elementor-widget-text-editor\" data-id=\"7f2dfd3\" data-element_type=\"widget\" data-widget_type=\"text-editor.default\">\n\t\t\t\t<div class=\"elementor-widget-container\">\n\t\t\t\t\t\t\t\t\t<p><span style=\"font-size: 14pt;\"><b>Annahmestelle f\u00fcr \u00c3nderungen aller Art<\/b><\/span><\/p>\n<p>&#8211; fachgerecht aus Meisterhand, in unserer hauseigenen<br \/>\u00a0 Schneiderei<br \/>&#8211; muss ein Kleidungsst\u00fcck (Rock, Hose, Kleid, etc.) ge\u00e4ndert<br \/>\u00a0\u00a0werden, egal ob bei uns gekauft oder nicht,<br \/>\u00a0\u00a0sind Sie bei uns richtig<br \/>&#8211; Rei\u00dfverschluss defekt, wir arbeiten Ihnen einen Neuen ein.<br \/>&#8211; \u00c3nderung von Brautkleidern, Abendkleidern, etc.<\/p>\n<p>Bei \u00c3nderungen von Braut- und Abendkleidern bitten wir Sie, einen Termin mit uns zu vereinbaren. Vielen Dank.<\/p>\t\t\t\t\t\t\t\t<\/div>\n\t\t\t\t<\/div>\n\t\t\t\t\t<\/div>\n\t\t\t\t<\/div>\n\t\t<div class=\"elementor-element elementor-element-7a7afa9 e-flex e-con-boxed wpr-particle-no wpr-jarallax-no wpr-parallax-no wpr-sticky-section-no e-con e-parent\" data-id=\"7a7afa9\" data-element_type=\"container\">\n\t\t\t\t\t<div class=\"e-con-inner\">\n\t\t\t\t<div class=\"elementor-element elementor-element-c70b4b6 elementor-widget elementor-widget-text-editor\" data-id=\"c70b4b6\" data-element_type=\"widget\" data-widget_type=\"text-editor.default\">\n\t\t\t\t<div class=\"elementor-widget-container\">\n\t\t\t\t\t\t\t\t\t<p><span style=\"font-size: 14pt;\"><b>Lotto &#8211; Annahmestelle<\/b><\/span><\/p>\n<p>die erste Annahmestelle im Stadtteil Buch,<br \/>seit \u00fcber 50 Jahren.<br \/>Wir beraten Sie gerne in allen Fragen zum Lotto und geben Ihnen fachkompetente und freundliche Auskunft.<\/p>\n<p>Versuchen Sie Ihr Gl\u00fcck !<\/p>\t\t\t\t\t\t\t\t<\/div>\n\t\t\t\t<\/div>\n\t\t\t\t\t<\/div>\n\t\t\t\t<\/div>\n\t\t<div class=\"elementor-element elementor-element-51848b7 e-flex e-con-boxed wpr-particle-no wpr-jarallax-no wpr-parallax-no wpr-sticky-section-no e-con e-parent\" data-id=\"51848b7\" data-element_type=\"container\">\n\t\t\t\t\t<div class=\"e-con-inner\">\n\t\t\t\t<div class=\"elementor-element elementor-element-cb71774 elementor-widget elementor-widget-text-editor\" data-id=\"cb71774\" data-element_type=\"widget\" data-widget_type=\"text-editor.default\">\n\t\t\t\t<div class=\"elementor-widget-container\">\n\t\t\t\t\t\t\t\t\t<p><span style=\"font-size: 14pt;\"><b>Geschenkgutscheine<\/b><\/span><\/p>\n<p>&#8211; immer eine gute Idee, so kann Die oder Der Beschenkte sich<br \/>\u00a0 seinen individuellen Wunsch erf\u00fcllen.<br \/>&#8211; es steht Ihnen eine sch\u00f6ne Auswahl an Gutscheinen zur\u00a0<br \/>\u00a0 Verf\u00fcgung.<\/p>\t\t\t\t\t\t\t\t<\/div>\n\t\t\t\t<\/div>\n\t\t\t\t<div class=\"elementor-element elementor-element-9d36561 elementor-widget elementor-widget-text-editor\" data-id=\"9d36561\" data-element_type=\"widget\" data-widget_type=\"text-editor.default\">\n\t\t\t\t<div class=\"elementor-widget-container\">\n\t\t\t\t\t\t\t\t\t<p><span style=\"font-size: 14pt;\"><strong>Mode nach Ma\u00df<\/strong><\/span><\/p>\n<p>Individuelle Ma\u00dfanfertigung von Bekleidung aller Art :<br \/>&#8211; Rock, Hose, Blazer, Mantel, etc.<br \/>&#8211; Kost\u00fcm<br \/>&#8211; Abendkleid<br \/>&#8211; Brautkleid<br \/>&#8211; Standesamt-Garderobe<br \/>&#8211; Umarbeiten\/\u00c3ndern von Kleidungsst\u00fccken<\/p>\n<p>Sie haben eine Vorstellung Ihres Kleidungsst\u00fcckes :<br \/>Wir arbeiten den Entwurf aus und Sie suchen sich bei uns einen Stoff aus (oder bringen Ihren Stoff mit).<br \/>Wir gehen auf Ihre Figur ein :<br \/>figurliche Probleme kaschieren und Vorz\u00fcge hervorheben.<br \/>Es entsteht ein &#8220; einmaliges &#8220; Kleidungsst\u00fcck nach Ma\u00df.<br \/>Interesse? Dann vereinbaren Sie doch einen Termin mit uns.<\/p>\n<p>Elvira Haas-Spannknebel<br \/>Damenschneidermeisterin und Modedesignerin<br \/>Banatstr. 3, 74321 Bietigheim-Bissingen<br \/>Tel. 07142\/66686 oder 55534<br \/>E-Mail info@elvirahaas-spannknebel.de<br \/><br \/><\/p>\n<p>Termine nach Vereinbarung<\/p>\t\t\t\t\t\t\t\t<\/div>\n\t\t\t\t<\/div>\n\t\t\t\t\t<\/div>\n\t\t\t\t<\/div>\n\t\t<div class=\"elementor-element elementor-element-84d154b e-flex e-con-boxed wpr-particle-no wpr-jarallax-no wpr-parallax-no wpr-sticky-section-no e-con e-parent\" data-id=\"84d154b\" data-element_type=\"container\">\n\t\t\t\t\t<div class=\"e-con-inner\">\n\t\t\t\t<div class=\"elementor-element elementor-element-277dc48 elementor-widget elementor-widget-text-editor\" data-id=\"277dc48\" data-element_type=\"widget\" data-widget_type=\"text-editor.default\">\n\t\t\t\t<div class=\"elementor-widget-container\">\n\t\t\t\t\t\t\t\t\t<p><span style=\"font-size: 14pt;\"><b>Reparatur &#8211; Service<\/b><\/span><\/p>\n<p>&#8211; BH-B\u00fcgel gebrochen: wir arbeiten Ihnen einen neuen ein<br \/>&#8211; BH-Tr\u00e4ger zu lang: wir k\u00fcrzen sie<br \/>&#8211; BH im Umfang zu weit: wir machen ihn enger<br \/>&#8211; Naht gerissen, Saum offen, etc. :<br \/>\u00a0\u00a0egal bei welchem Kleidungsst\u00fcck, wir helfen gerne<\/p>\t\t\t\t\t\t\t\t<\/div>\n\t\t\t\t<\/div>\n\t\t\t\t\t<\/div>\n\t\t\t\t<\/div>\n\t\t<div class=\"elementor-element elementor-element-a8ac5d1 e-flex e-con-boxed wpr-particle-no wpr-jarallax-no wpr-parallax-no wpr-sticky-section-no e-con e-parent\" data-id=\"a8ac5d1\" data-element_type=\"container\">\n\t\t\t\t\t<div class=\"e-con-inner\">\n\t\t\t\t<div class=\"elementor-element elementor-element-4114f4b elementor-widget elementor-widget-text-editor\" data-id=\"4114f4b\" data-element_type=\"widget\" data-widget_type=\"text-editor.default\">\n\t\t\t\t<div class=\"elementor-widget-container\">\n\t\t\t\t\t\t\t\t\t<p><span style=\"font-size: 14pt;\"><b>&#8222;Private Shopping&#8220;<\/b><\/span><\/p>\n<p>Unser spezielles Angebot f\u00fcr Sie :<br \/>&#8222;Private Shopping&#8220;<br \/>Sie k\u00f6nnen nach Voranmeldung auch au\u00dferhalb unserer \u00d6ffnungszeiten in Ruhe, ganz privat und entspannt bei uns einkaufen.<\/p>\n<p>&#8211; Sie k\u00f6nnen Ihre Arbeit nicht mit unseren \u00d6ffnungszeiten\u00a0<br \/>\u00a0vereinbaren,<br \/>&#8211; Sie m\u00f6chten gerne mit Freundinnen einen unbeschwerten\u00a0\u00a0<br \/>\u00a0 Shoppingabend genie\u00dfen,<br \/>&#8211; Sie m\u00f6chten ohne Zeitdruck und anderen Kunden im Gesch\u00e4ft<br \/>\u00a0 eine individuelle Beratung,<br \/>&#8211; Sie haben eine l\u00e4ngere Anreise.<\/p>\n<p>Sie k\u00f6nnen auch einer Freundin oder Verwandten einen &#8222;Private Shopping&#8220; Abend schenken. Wir werden Ihnen das Einkaufen mit Sekt und H\u00c3ppchen versch\u00f6nern.<\/p>\n<p>Gerne k\u00f6nnen Sie Abends nach Gesch\u00e4ftsschluss und 1.Samstag im Monat Termine vereinbaren.\u00a0<\/p>\t\t\t\t\t\t\t\t<\/div>\n\t\t\t\t<\/div>\n\t\t\t\t\t<\/div>\n\t\t\t\t<\/div>\n\t\t<div class=\"elementor-element elementor-element-b96dbf4 e-flex e-con-boxed wpr-particle-no wpr-jarallax-no wpr-parallax-no wpr-sticky-section-no e-con e-parent\" data-id=\"b96dbf4\" data-element_type=\"container\">\n\t\t\t\t\t<div class=\"e-con-inner\">\n\t\t\t\t<div class=\"elementor-element elementor-element-89334dd elementor-widget elementor-widget-text-editor\" data-id=\"89334dd\" data-element_type=\"widget\" data-widget_type=\"text-editor.default\">\n\t\t\t\t<div class=\"elementor-widget-container\">\n\t\t\t\t\t\t\t\t\t<p><span style=\"font-size: 14pt;\"><b>Pflegehinweise f\u00fcr Ihre Bademode<\/b><\/span><\/p>\n<p>Damit Sie an den Badeanz\u00fcgen, Bikinis und Herren Badehosen Modelle, die Sie bei uns gekauft haben, lange Freude haben, sollten Sie f\u00fcr die Reinigung und Pflege folgendes beachten :<br \/>&#8211; sp\u00fclen Sie Ihr Modell nach jedem Tragen gr\u00fcndlich aus, auch\u00a0<br \/>\u00a0 wenn Sie nicht im Wasser waren; bitte kein\u00a0<br \/>\u00a0 Haarshampoo verwenden ( Weichmacher schaden dem\u00a0<br \/>\u00a0 Elasthan)<br \/>&#8211; nicht nass zusammengerollt liegen lassen oder auswringen,\u00a0<br \/>\u00a0 sondern vorsichtig ausdr\u00fccken<br \/>&#8211; sch\u00fctzen Sie Ihr Modell vor rauhen Oberfl\u00e4chen<br \/>&#8211; trocknen Sie Ihre Badekleidung nicht direkt in der Sonne; vor\u00a0<\/p>\n<p>\u00a0 allem bei intensiv leuchtenden Farben wie Neonfarben k\u00f6nnen<br \/>\u00a0 Farbver\u00e4nderungen eintreten, die oft von Festigkeitsverlusten<br \/>\u00a0 im Stoff begleitet werden<br \/>&#8211; Sonnenmilch sch\u00fctzt zwar unsere Haut, elastische Stoffe sind<br \/>\u00a0 jedoch besonders empfindlich gegen\u00fcber fetthaltigen<br \/>\u00a0Kosmetika; bei l\u00e4ngerer Einwirkung und Kombination von<br \/>\u00a0Chlor-, Salz-, Thermal-, Parf\u00fcm- und Schwei\u00dfresten k\u00f6nnen\u00a0<br \/>\u00a0diese Substanzen die Elastizit\u00e4t und Festigkeit des Stoffes<br \/>\u00a0beeintr\u00e4chtigen<br \/>&#8211; haben Sie sich f\u00fcr ein Modell mit Metallic- oder Glitzerdruck<br \/>\u00a0entschieden, reiben oder wringen Sie es nicht in nassem<br \/>\u00a0Zustand<br \/>&#8211; Sie k\u00f6nnen Ihr Modell auch in der Waschmaschine bei 30 Grad<br \/>\u00a0waschen, 30 Minuten reichen hier aus.. Bitte benutzen Sie ein W\u00e4schenetz und<br \/>\u00a0Feinwaschmittel, bitte keinen Weichsp\u00fcler benutzen.\u00a0<\/p>\n<p>\u00a0Die Schleuderzahl sollte nicht mehr als 600 betragen.<\/p>\t\t\t\t\t\t\t\t<\/div>\n\t\t\t\t<\/div>\n\t\t\t\t\t<\/div>\n\t\t\t\t<\/div>\n\t\t<div class=\"elementor-element elementor-element-e2f3c3a e-flex e-con-boxed wpr-particle-no wpr-jarallax-no wpr-parallax-no wpr-sticky-section-no e-con e-parent\" data-id=\"e2f3c3a\" data-element_type=\"container\">\n\t\t\t\t\t<div class=\"e-con-inner\">\n\t\t\t\t<div class=\"elementor-element elementor-element-ba4f8d7 elementor-widget elementor-widget-text-editor\" data-id=\"ba4f8d7\" data-element_type=\"widget\" data-widget_type=\"text-editor.default\">\n\t\t\t\t<div class=\"elementor-widget-container\">\n\t\t\t\t\t\t\t\t\t<p><span style=\"font-size: 14pt;\"><b>Pflegehinweise f\u00fcr Ihre Dessous &#8211; Miederwaren<\/b><\/span><\/p>\n<p>Damit Sie lange Freude an Ihrer Unterw\u00e4sche haben, bitte folgende Hinweise beachten:<br \/>&#8211; benutzen Sie keinen Weichsp\u00fcler, dieser enth\u00e4lt Weichmacher,<br \/>\u00a0\u00a0die das Elasthan\/Gummi angreifen und somit gibt die<br \/>\u00a0\u00a0Elastizit\u00e4t umso schneller nach, ebenso verklebt der<br \/>\u00a0\u00a0Weichsp\u00fcler die Poren der Materialien, d.h. die<br \/>\u00a0\u00a0Atmungsaktivit\u00e4t Ihrer W\u00e4sche wird blockiert.<br \/>&#8211; sortieren Sie Ihre W\u00e4sche nach Farben. Cremfarbene und<br \/>\u00a0\u00a0champagnerfarbene W\u00e4sche nicht mit wei\u00dfer W\u00e4sche waschen,\u00a0<\/p>\n<p>\u00a0 sonst\u00a0 wird erh\u00e4lt Ihre wei\u00dfe W\u00e4sche eine Grauschleier.<br \/>\u00a0\u00a0Bei wei\u00dfer W\u00e4sche verwenden Sie bitte Vollwaschmittel, bei creme<br \/>\u00a0\u00a0und anderen Farben Colorwaschmittel.\u00a0<\/p>\n<p>\u00a0 So haben Sie lange Freude<br \/>&#8211; benutzen Sie bitte bei B\u00fcgel BH`s immer ein W\u00e4schenetz, ein normales, rechteckiges gen\u00fcgt.<\/p>\n<p>\u00a0 Wichtig auch die Schleuderzahl, bitte nur 400 bis max. 600 Umdrehungen.<\/p>\n<p>\u00a0 Bei zu starker Umdrehungszahl k\u00f6nnen B\u00fcgel durchsto\u00dfen oder brechen und bei BH\u00b4S mit Einlage<\/p>\n<p>\u00a0 k\u00f6nnen dies Dellen bekommen und die Cup Kante nach au\u00dfen drehen.<br \/>&#8211; feine Spitzenslip, String und nahtlose Unterw\u00e4sche bitte<br \/>\u00a0\u00a0auch immer im W\u00e4schenetz waschen, somit schonen Sie die<br \/>\u00a0\u00a0Spitze und die feinen Kanten.<\/p>\t\t\t\t\t\t\t\t<\/div>\n\t\t\t\t<\/div>\n\t\t\t\t\t<\/div>\n\t\t\t\t<\/div>\n\t\t\t\t<\/div>\n\t\t","protected":false},"excerpt":{"rendered":"<p>Parkpl\u00e4tze Unser Eingang ist barrierefrei, so dass Sie m\u00fchelos mit Kinderwagen, Rollstuhl oder Gehhilfen in unser Gesch\u00e4ft gelangen.Kostenlose Parkpl\u00e4tze direkt vor dem Haus vermeiden, das erspart Ihnen l\u00e4stiges Parkplatz suchen.&hellip;<\/p>\n","protected":false},"author":1,"featured_media":0,"parent":0,"menu_order":0,"comment_status":"closed","ping_status":"closed","template":"","meta":{"footnotes":""},"class_list":["post-317","page","type-page","status-publish","hentry"],"_links":{"self":[{"href":"https:\/\/mode-waesche-loos.de\/index.php\/wp-json\/wp\/v2\/pages\/317","targetHints":{"allow":["GET"]}}],"collection":[{"href":"https:\/\/mode-waesche-loos.de\/index.php\/wp-json\/wp\/v2\/pages"}],"about":[{"href":"https:\/\/mode-waesche-loos.de\/index.php\/wp-json\/wp\/v2\/types\/page"}],"author":[{"embeddable":true,"href":"https:\/\/mode-waesche-loos.de\/index.php\/wp-json\/wp\/v2\/users\/1"}],"replies":[{"embeddable":true,"href":"https:\/\/mode-waesche-loos.de\/index.php\/wp-json\/wp\/v2\/comments?post=317"}],"version-history":[{"count":10,"href":"https:\/\/mode-waesche-loos.de\/index.php\/wp-json\/wp\/v2\/pages\/317\/revisions"}],"predecessor-version":[{"id":365,"href":"https:\/\/mode-waesche-loos.de\/index.php\/wp-json\/wp\/v2\/pages\/317\/revisions\/365"}],"wp:attachment":[{"href":"https:\/\/mode-waesche-loos.de\/index.php\/wp-json\/wp\/v2\/media?parent=317"}],"curies":[{"name":"wp","href":"https:\/\/api.w.org\/{rel}","templated":true}]}}